{"id":78,"date":"2025-01-13T18:37:30","date_gmt":"2025-01-13T18:37:30","guid":{"rendered":"https:\/\/aplicaciones-a-medida.es\/?page_id=78"},"modified":"2025-04-07T18:44:17","modified_gmt":"2025-04-07T18:44:17","slug":"casos-de-exito","status":"publish","type":"page","link":"https:\/\/aplicaciones-a-medida.es\/en\/casos-de-exito\/","title":{"rendered":"Case Studies"},"content":{"rendered":"<div data-elementor-type=\"wp-page\" data-elementor-id=\"78\" class=\"elementor elementor-78\" data-elementor-post-type=\"page\">\n\t\t\t\t<div class=\"elementor-element elementor-element-047b3e7 e-flex e-con-boxed e-con e-parent\" data-id=\"047b3e7\" data-element_type=\"container\" data-e-type=\"container\" data-settings=\"{&quot;background_background&quot;:&quot;classic&quot;}\">\n\t\t\t\t\t<div class=\"e-con-inner\">\n\t\t\t\t<div class=\"elementor-element elementor-element-42e5095 elementor-widget elementor-widget-heading\" data-id=\"42e5095\" data-element_type=\"widget\" data-e-type=\"widget\" data-widget_type=\"heading.default\">\n\t\t\t\t<div class=\"elementor-widget-container\">\n\t\t\t\t\t<h1 class=\"elementor-heading-title elementor-size-default\">Case Studies<\/h1>\t\t\t\t<\/div>\n\t\t\t\t<\/div>\n\t\t<div class=\"elementor-element elementor-element-b74fd8a e-con-full e-flex e-con e-child\" data-id=\"b74fd8a\" data-element_type=\"container\" data-e-type=\"container\">\n\t\t<div class=\"elementor-element elementor-element-fb1232a e-con-full e-flex e-con e-child\" data-id=\"fb1232a\" data-element_type=\"container\" data-e-type=\"container\">\n\t\t<div class=\"elementor-element elementor-element-6742804 e-con-full e-flex e-con e-child\" data-id=\"6742804\" data-element_type=\"container\" data-e-type=\"container\">\n\t\t\t\t<div class=\"elementor-element elementor-element-b8d5e1e elementor-widget elementor-widget-image\" data-id=\"b8d5e1e\" data-element_type=\"widget\" data-e-type=\"widget\" data-widget_type=\"image.default\">\n\t\t\t\t<div class=\"elementor-widget-container\">\n\t\t\t\t\t\t\t\t\t\t\t\t\t\t\t<img fetchpriority=\"high\" decoding=\"async\" width=\"800\" height=\"800\" src=\"https:\/\/aplicaciones-a-medida.es\/wp-content\/uploads\/2025\/03\/bag-svgrepo-com.svg\" class=\"attachment-large size-large wp-image-473\" alt=\"\" \/>\t\t\t\t\t\t\t\t\t\t\t\t\t\t\t<\/div>\n\t\t\t\t<\/div>\n\t\t\t\t<div class=\"elementor-element elementor-element-1af205e elementor-widget elementor-widget-heading\" data-id=\"1af205e\" data-element_type=\"widget\" data-e-type=\"widget\" data-widget_type=\"heading.default\">\n\t\t\t\t<div class=\"elementor-widget-container\">\n\t\t\t\t\t<h2 class=\"elementor-heading-title elementor-size-default\">Cart Automation<\/h2>\t\t\t\t<\/div>\n\t\t\t\t<\/div>\n\t\t\t\t<\/div>\n\t\t<div class=\"elementor-element elementor-element-62bcd1f e-con-full e-flex e-con e-child\" data-id=\"62bcd1f\" data-element_type=\"container\" data-e-type=\"container\">\n\t\t\t\t<div class=\"elementor-element elementor-element-bd6692b elementor-widget elementor-widget-heading\" data-id=\"bd6692b\" data-element_type=\"widget\" data-e-type=\"widget\" data-widget_type=\"heading.default\">\n\t\t\t\t<div class=\"elementor-widget-container\">\n\t\t\t\t\t<h2 class=\"elementor-heading-title elementor-size-default\">An automation was developed using Make and PHP to recover abandoned carts and boost sales conversion. The integration with WooCommerce allowed the system to detect users who didn\u2019t complete their purchase, and after 30 minutes, a PHP script generated a personalized email with the abandoned products and a discount code. Thanks to this solution, the cart recovery rate increased by 40%, and sales grew significantly.<\/h2>\t\t\t\t<\/div>\n\t\t\t\t<\/div>\n\t\t\t\t<\/div>\n\t\t\t\t<\/div>\n\t\t<div class=\"elementor-element elementor-element-712add9 e-con-full e-flex e-con e-child\" data-id=\"712add9\" data-element_type=\"container\" data-e-type=\"container\">\n\t\t<div class=\"elementor-element elementor-element-750ee1a e-con-full e-flex e-con e-child\" data-id=\"750ee1a\" data-element_type=\"container\" data-e-type=\"container\">\n\t\t\t\t<div class=\"elementor-element elementor-element-ed4debd elementor-widget elementor-widget-image\" data-id=\"ed4debd\" data-element_type=\"widget\" data-e-type=\"widget\" data-widget_type=\"image.default\">\n\t\t\t\t<div class=\"elementor-widget-container\">\n\t\t\t\t\t\t\t\t\t\t\t\t\t\t\t<img decoding=\"async\" width=\"800\" height=\"800\" src=\"https:\/\/aplicaciones-a-medida.es\/wp-content\/uploads\/2025\/03\/glass-svgrepo-com.svg\" class=\"attachment-large size-large wp-image-464\" alt=\"\" \/>\t\t\t\t\t\t\t\t\t\t\t\t\t\t\t<\/div>\n\t\t\t\t<\/div>\n\t\t\t\t<div class=\"elementor-element elementor-element-07b0d33 elementor-widget elementor-widget-heading\" data-id=\"07b0d33\" data-element_type=\"widget\" data-e-type=\"widget\" data-widget_type=\"heading.default\">\n\t\t\t\t<div class=\"elementor-widget-container\">\n\t\t\t\t\t<h2 class=\"elementor-heading-title elementor-size-default\">Web and Social Media Automation<\/h2>\t\t\t\t<\/div>\n\t\t\t\t<\/div>\n\t\t\t\t<\/div>\n\t\t<div class=\"elementor-element elementor-element-072133d e-con-full e-flex e-con e-child\" data-id=\"072133d\" data-element_type=\"container\" data-e-type=\"container\">\n\t\t\t\t<div class=\"elementor-element elementor-element-4913869 elementor-widget elementor-widget-heading\" data-id=\"4913869\" data-element_type=\"widget\" data-e-type=\"widget\" data-widget_type=\"heading.default\">\n\t\t\t\t<div class=\"elementor-widget-container\">\n\t\t\t\t\t<h2 class=\"elementor-heading-title elementor-size-default\">An automation was implemented using Make, PHP, and SQL to automatically publish content on the website and social media. Articles published in WordPress were extracted through a PHP script, which converted them into optimized formats for social platforms. Make then scheduled posts on Facebook, Instagram, and Twitter, including images and relevant hashtags. This solution reduced content management time by 80% and increased social media engagement by 50%.<\/h2>\t\t\t\t<\/div>\n\t\t\t\t<\/div>\n\t\t\t\t<\/div>\n\t\t\t\t<\/div>\n\t\t\t\t<\/div>\n\t\t<div class=\"elementor-element elementor-element-d176316 e-con-full e-flex e-con e-child\" data-id=\"d176316\" data-element_type=\"container\" data-e-type=\"container\">\n\t\t<div class=\"elementor-element elementor-element-7dcb3b3 e-con-full e-flex e-con e-child\" data-id=\"7dcb3b3\" data-element_type=\"container\" data-e-type=\"container\">\n\t\t<div class=\"elementor-element elementor-element-4beed9c e-con-full e-flex e-con e-child\" data-id=\"4beed9c\" data-element_type=\"container\" data-e-type=\"container\">\n\t\t\t\t<div class=\"elementor-element elementor-element-a2c7bf2 elementor-widget elementor-widget-image\" data-id=\"a2c7bf2\" data-element_type=\"widget\" data-e-type=\"widget\" data-widget_type=\"image.default\">\n\t\t\t\t<div class=\"elementor-widget-container\">\n\t\t\t\t\t\t\t\t\t\t\t\t\t\t\t<img decoding=\"async\" width=\"800\" height=\"800\" src=\"https:\/\/aplicaciones-a-medida.es\/wp-content\/uploads\/2025\/03\/book-1-svgrepo-com.svg\" class=\"attachment-large size-large wp-image-476\" alt=\"\" \/>\t\t\t\t\t\t\t\t\t\t\t\t\t\t\t<\/div>\n\t\t\t\t<\/div>\n\t\t\t\t<div class=\"elementor-element elementor-element-db39f06 elementor-widget elementor-widget-heading\" data-id=\"db39f06\" data-element_type=\"widget\" data-e-type=\"widget\" data-widget_type=\"heading.default\">\n\t\t\t\t<div class=\"elementor-widget-container\">\n\t\t\t\t\t<h2 class=\"elementor-heading-title elementor-size-default\">Inventory Management System<\/h2>\t\t\t\t<\/div>\n\t\t\t\t<\/div>\n\t\t\t\t<\/div>\n\t\t<div class=\"elementor-element elementor-element-4ce1486 e-con-full e-flex e-con e-child\" data-id=\"4ce1486\" data-element_type=\"container\" data-e-type=\"container\">\n\t\t\t\t<div class=\"elementor-element elementor-element-2abc3f7 elementor-widget elementor-widget-heading\" data-id=\"2abc3f7\" data-element_type=\"widget\" data-e-type=\"widget\" data-widget_type=\"heading.default\">\n\t\t\t\t<div class=\"elementor-widget-container\">\n\t\t\t\t\t<h2 class=\"elementor-heading-title elementor-size-default\">An inventory management system was developed using PHP and SQL, enabling automatic stock updates in the online store. The implementation reduced record-keeping errors by 70% and optimized real-time order processing.<\/h2>\t\t\t\t<\/div>\n\t\t\t\t<\/div>\n\t\t\t\t<\/div>\n\t\t\t\t<\/div>\n\t\t<div class=\"elementor-element elementor-element-a60e798 e-con-full e-flex e-con e-child\" data-id=\"a60e798\" data-element_type=\"container\" data-e-type=\"container\">\n\t\t<div class=\"elementor-element elementor-element-93acdc3 e-con-full e-flex e-con e-child\" data-id=\"93acdc3\" data-element_type=\"container\" data-e-type=\"container\">\n\t\t\t\t<div class=\"elementor-element elementor-element-b67a570 elementor-widget elementor-widget-image\" data-id=\"b67a570\" data-element_type=\"widget\" data-e-type=\"widget\" data-widget_type=\"image.default\">\n\t\t\t\t<div class=\"elementor-widget-container\">\n\t\t\t\t\t\t\t\t\t\t\t\t\t\t\t<img loading=\"lazy\" decoding=\"async\" width=\"800\" height=\"800\" src=\"https:\/\/aplicaciones-a-medida.es\/wp-content\/uploads\/2025\/03\/gas-station-svgrepo-com.svg\" class=\"attachment-large size-large wp-image-463\" alt=\"\" \/>\t\t\t\t\t\t\t\t\t\t\t\t\t\t\t<\/div>\n\t\t\t\t<\/div>\n\t\t\t\t<div class=\"elementor-element elementor-element-3de5583 elementor-widget elementor-widget-heading\" data-id=\"3de5583\" data-element_type=\"widget\" data-e-type=\"widget\" data-widget_type=\"heading.default\">\n\t\t\t\t<div class=\"elementor-widget-container\">\n\t\t\t\t\t<h2 class=\"elementor-heading-title elementor-size-default\">Shipment Tracking System<\/h2>\t\t\t\t<\/div>\n\t\t\t\t<\/div>\n\t\t\t\t<\/div>\n\t\t<div class=\"elementor-element elementor-element-538075b e-con-full e-flex e-con e-child\" data-id=\"538075b\" data-element_type=\"container\" data-e-type=\"container\">\n\t\t\t\t<div class=\"elementor-element elementor-element-e4ec031 elementor-widget elementor-widget-heading\" data-id=\"e4ec031\" data-element_type=\"widget\" data-e-type=\"widget\" data-widget_type=\"heading.default\">\n\t\t\t\t<div class=\"elementor-widget-container\">\n\t\t\t\t\t<h2 class=\"elementor-heading-title elementor-size-default\">A shipment tracking system was developed using PHP and SQL, integrating real-time notifications for customers. This reduced order status inquiries by 50% and significantly improved operational efficiency in logistics.<\/h2>\t\t\t\t<\/div>\n\t\t\t\t<\/div>\n\t\t\t\t<\/div>\n\t\t\t\t<\/div>\n\t\t\t\t<\/div>\n\t\t<div class=\"elementor-element elementor-element-54042cd e-con-full e-flex e-con e-child\" data-id=\"54042cd\" data-element_type=\"container\" data-e-type=\"container\">\n\t\t<div class=\"elementor-element elementor-element-86821d8 e-con-full e-flex e-con e-child\" data-id=\"86821d8\" data-element_type=\"container\" data-e-type=\"container\">\n\t\t<div class=\"elementor-element elementor-element-364951c e-con-full e-flex e-con e-child\" data-id=\"364951c\" data-element_type=\"container\" data-e-type=\"container\">\n\t\t\t\t<div class=\"elementor-element elementor-element-a69a8c2 elementor-widget elementor-widget-image\" data-id=\"a69a8c2\" data-element_type=\"widget\" data-e-type=\"widget\" data-widget_type=\"image.default\">\n\t\t\t\t<div class=\"elementor-widget-container\">\n\t\t\t\t\t\t\t\t\t\t\t\t\t\t\t<img loading=\"lazy\" decoding=\"async\" width=\"800\" height=\"800\" src=\"https:\/\/aplicaciones-a-medida.es\/wp-content\/uploads\/2025\/03\/format-circle-svgrepo-com.svg\" class=\"attachment-large size-large wp-image-467\" alt=\"\" \/>\t\t\t\t\t\t\t\t\t\t\t\t\t\t\t<\/div>\n\t\t\t\t<\/div>\n\t\t\t\t<div class=\"elementor-element elementor-element-d1f8fc8 elementor-widget elementor-widget-heading\" data-id=\"d1f8fc8\" data-element_type=\"widget\" data-e-type=\"widget\" data-widget_type=\"heading.default\">\n\t\t\t\t<div class=\"elementor-widget-container\">\n\t\t\t\t\t<h2 class=\"elementor-heading-title elementor-size-default\">Sports Center Application<\/h2>\t\t\t\t<\/div>\n\t\t\t\t<\/div>\n\t\t\t\t<\/div>\n\t\t<div class=\"elementor-element elementor-element-cc582f7 e-con-full e-flex e-con e-child\" data-id=\"cc582f7\" data-element_type=\"container\" data-e-type=\"container\">\n\t\t\t\t<div class=\"elementor-element elementor-element-3757105 elementor-widget elementor-widget-heading\" data-id=\"3757105\" data-element_type=\"widget\" data-e-type=\"widget\" data-widget_type=\"heading.default\">\n\t\t\t\t<div class=\"elementor-widget-container\">\n\t\t\t\t\t<h2 class=\"elementor-heading-title elementor-size-default\">A mobile application was developed in C# and SQL for managing court reservations and padel leagues. The app allowed players to book courts in real time, organize matches with other players, and view league and tournament statistics. Additionally, a push notification system was integrated to remind users of schedules and results. Thanks to this solution, the club improved reservation management by 80% and increased competition participation by 50%.<\/h2>\t\t\t\t<\/div>\n\t\t\t\t<\/div>\n\t\t\t\t<\/div>\n\t\t\t\t<\/div>\n\t\t<div class=\"elementor-element elementor-element-18e9e3c e-con-full e-flex e-con e-child\" data-id=\"18e9e3c\" data-element_type=\"container\" data-e-type=\"container\">\n\t\t<div class=\"elementor-element elementor-element-4d6c26c e-con-full e-flex e-con e-child\" data-id=\"4d6c26c\" data-element_type=\"container\" data-e-type=\"container\">\n\t\t\t\t<div class=\"elementor-element elementor-element-58cfbc1 elementor-widget elementor-widget-image\" data-id=\"58cfbc1\" data-element_type=\"widget\" data-e-type=\"widget\" data-widget_type=\"image.default\">\n\t\t\t\t<div class=\"elementor-widget-container\">\n\t\t\t\t\t\t\t\t\t\t\t\t\t\t\t<img loading=\"lazy\" decoding=\"async\" width=\"800\" height=\"800\" src=\"https:\/\/aplicaciones-a-medida.es\/wp-content\/uploads\/2025\/03\/electricity-svgrepo-com.svg\" class=\"attachment-large size-large wp-image-468\" alt=\"\" \/>\t\t\t\t\t\t\t\t\t\t\t\t\t\t\t<\/div>\n\t\t\t\t<\/div>\n\t\t\t\t<div class=\"elementor-element elementor-element-62f870e elementor-widget elementor-widget-heading\" data-id=\"62f870e\" data-element_type=\"widget\" data-e-type=\"widget\" data-widget_type=\"heading.default\">\n\t\t\t\t<div class=\"elementor-widget-container\">\n\t\t\t\t\t<h2 class=\"elementor-heading-title elementor-size-default\">Monthly Maintenance<\/h2>\t\t\t\t<\/div>\n\t\t\t\t<\/div>\n\t\t\t\t<\/div>\n\t\t<div class=\"elementor-element elementor-element-be40910 e-con-full e-flex e-con e-child\" data-id=\"be40910\" data-element_type=\"container\" data-e-type=\"container\">\n\t\t\t\t<div class=\"elementor-element elementor-element-b3d7d8d elementor-widget elementor-widget-heading\" data-id=\"b3d7d8d\" data-element_type=\"widget\" data-e-type=\"widget\" data-widget_type=\"heading.default\">\n\t\t\t\t<div class=\"elementor-widget-container\">\n\t\t\t\t\t<h2 class=\"elementor-heading-title elementor-size-default\"> Several companies trust our web maintenance, support, and issue resolution service. <\/h2>\t\t\t\t<\/div>\n\t\t\t\t<\/div>\n\t\t\t\t<\/div>\n\t\t\t\t<\/div>\n\t\t\t\t<\/div>\n\t\t\t\t\t<\/div>\n\t\t\t\t<\/div>\n\t\t\t\t<\/div>","protected":false},"excerpt":{"rendered":"<p>Casos de \u00e9xito Automatizaci\u00f3n carritos Se desarroll\u00f3 una automatizaci\u00f3n en Make y PHP para recuperar carritos abandonados y mejorar la conversi\u00f3n en ventas. La integraci\u00f3n con WooCommerce permit\u00eda detectar usuarios que no finalizaban la compra y, tras 30 minutos, un script en PHP personalizaba un email con los productos abandonados y un c\u00f3digo de descuento. [&hellip;]<\/p>\n","protected":false},"author":1,"featured_media":0,"parent":0,"menu_order":0,"comment_status":"closed","ping_status":"closed","template":"","meta":{"inline_featured_image":false,"footnotes":""},"class_list":["post-78","page","type-page","status-publish","hentry"],"_links":{"self":[{"href":"https:\/\/aplicaciones-a-medida.es\/en\/wp-json\/wp\/v2\/pages\/78","targetHints":{"allow":["GET"]}}],"collection":[{"href":"https:\/\/aplicaciones-a-medida.es\/en\/wp-json\/wp\/v2\/pages"}],"about":[{"href":"https:\/\/aplicaciones-a-medida.es\/en\/wp-json\/wp\/v2\/types\/page"}],"author":[{"embeddable":true,"href":"https:\/\/aplicaciones-a-medida.es\/en\/wp-json\/wp\/v2\/users\/1"}],"replies":[{"embeddable":true,"href":"https:\/\/aplicaciones-a-medida.es\/en\/wp-json\/wp\/v2\/comments?post=78"}],"version-history":[{"count":22,"href":"https:\/\/aplicaciones-a-medida.es\/en\/wp-json\/wp\/v2\/pages\/78\/revisions"}],"predecessor-version":[{"id":495,"href":"https:\/\/aplicaciones-a-medida.es\/en\/wp-json\/wp\/v2\/pages\/78\/revisions\/495"}],"wp:attachment":[{"href":"https:\/\/aplicaciones-a-medida.es\/en\/wp-json\/wp\/v2\/media?parent=78"}],"curies":[{"name":"wp","href":"https:\/\/api.w.org\/{rel}","templated":true}]}}