{"id":419,"date":"2025-03-19T07:47:10","date_gmt":"2025-03-19T07:47:10","guid":{"rendered":"https:\/\/aplicaciones-a-medida.es\/?page_id=419"},"modified":"2025-05-27T16:26:00","modified_gmt":"2025-05-27T16:26:00","slug":"aviso-legal","status":"publish","type":"page","link":"https:\/\/aplicaciones-a-medida.es\/en\/aviso-legal\/","title":{"rendered":"Legal Notice"},"content":{"rendered":"<div data-elementor-type=\"wp-page\" data-elementor-id=\"419\" class=\"elementor elementor-419\" data-elementor-post-type=\"page\">\n\t\t\t\t<div class=\"elementor-element elementor-element-227aa6e e-flex e-con-boxed e-con e-parent\" data-id=\"227aa6e\" data-element_type=\"container\" data-e-type=\"container\">\n\t\t\t\t\t<div class=\"e-con-inner\">\n\t\t\t\t<div class=\"elementor-element elementor-element-11d502f elementor-widget elementor-widget-heading\" data-id=\"11d502f\" data-element_type=\"widget\" data-e-type=\"widget\" data-widget_type=\"heading.default\">\n\t\t\t\t<div class=\"elementor-widget-container\">\n\t\t\t\t\t<h1 class=\"elementor-heading-title elementor-size-default\">Legal Notice<\/h1>\t\t\t\t<\/div>\n\t\t\t\t<\/div>\n\t\t\t\t\t<\/div>\n\t\t\t\t<\/div>\n\t\t<div class=\"elementor-element elementor-element-132a7a6 e-flex e-con-boxed e-con e-parent\" data-id=\"132a7a6\" data-element_type=\"container\" data-e-type=\"container\">\n\t\t\t\t\t<div class=\"e-con-inner\">\n\t\t\t\t<div class=\"elementor-element elementor-element-b83ab21 elementor-widget elementor-widget-text-editor\" data-id=\"b83ab21\" data-element_type=\"widget\" data-e-type=\"widget\" data-widget_type=\"text-editor.default\">\n\t\t\t\t<div class=\"elementor-widget-container\">\n\t\t\t\t\t\t\t\t\t<p class=\"translation-block\">Welcome to <strong>aplicaciones-a-medida.es<\/strong>\nThis Legal Notice governs access to and use of this website. By accessing and using this site, you agree to the terms set forth in this document.<\/p>\n<h4><strong>1. Owner Identification<\/strong><\/h4>\n<p>In compliance with the Spanish Law on Information Society Services and Electronic Commerce (LSSI-CE), it is hereby informed that the owner of this website is:<\/p>\n<ul>\n<li class=\"translation-block\"><strong>Name or Company Name<\/strong>: Aitor Molina Pujante<\/li>\n<li><strong>CIF\/NIF<\/strong>: 47632863R<\/li>\n<li><strong>Correo Electr\u00f3nico<\/strong>: info<a rel=\"noopener\">@aplicaciones-a-medida.es<\/a><\/li>\n<\/ul>\n<h4><strong>2. Terms of Use<\/strong><\/h4>\n<p class=\"translation-block\">Accessing and browsing on <strong>aplicaciones-a-medida.es<\/strong>, as well as using its services, implies acceptance of the terms and conditions set forth in this Legal Notice. If you do not agree with these terms, we kindly ask you not to use the site.<\/p>\n<h4><strong>3. Intellectual and Industrial Property<\/strong><\/h4>\n<p class=\"translation-block\">All content on this website, including texts, images, graphics, logos, icons, buttons, software, trade names, trademarks, or any other signs that may be used for industrial and commercial purposes, are protected by intellectual and industrial property rights owned by or licensed to <strong>aplicaciones-a-medida.es<\/strong>.<\/p>\n<p>The reproduction, distribution, modification, public communication, or any other act not expressly authorized in writing by the holder of the exploitation rights is strictly prohibited.<\/p>\n<h4><strong>4. Liability<\/strong><\/h4>\n<p class=\"translation-block\"><strong>aplicaciones-a-medida.es<\/strong> is not responsible for any damage or harm that may result from accessing or using the website, including but not limited to those affecting computer systems or caused by viruses or unlawful activities by hackers.<\/p>\n<p>However, we are committed to making every necessary effort to ensure the proper functioning of the website and to prevent any type of risk.<\/p>\n<h4><strong>5. Third-Party Links<\/strong><\/h4>\n<p class=\"translation-block\">This website may contain links to external pages. <strong>aplicaciones-a-medida.es<\/strong> is not responsible for the content or any other aspect related to such external websites. The inclusion of these links does not imply any kind of association or relationship with the linked entities.<\/p>\n<h4><strong>6. Applicable Law and Jurisdiction<\/strong><\/h4>\n<p>This Legal Notice is governed by Spanish law. For the resolution of any dispute that may arise in connection with the use of the website, the parties expressly agree to submit to the courts of the city of Barcelona, expressly waiving any other jurisdiction that may correspond to them.<\/p>\n<h4><strong>7. Modifications to the Legal Notice<\/strong><\/h4>\n<p class=\"translation-block\"><strong>aplicaciones-a-medida.es<\/strong> reserves the right to modify this Legal Notice in order to adapt it to future legislative or judicial developments, as well as to industry practices. Any changes will be communicated to users on this same page.<\/p>\t\t\t\t\t\t\t\t<\/div>\n\t\t\t\t<\/div>\n\t\t\t\t\t<\/div>\n\t\t\t\t<\/div>\n\t\t\t\t<\/div>","protected":false},"excerpt":{"rendered":"<p>Aviso Legal Bienvenido a aplicaciones-a-medida.es Este Aviso Legal regula el acceso y uso de esta p\u00e1gina web. Al acceder y utilizar este sitio, aceptas las condiciones establecidas en este documento. 1. Identificaci\u00f3n del Titular En cumplimiento con la Ley de Servicios de la Sociedad de la Informaci\u00f3n y de Comercio Electr\u00f3nico (LSSI-CE), se informa que [&hellip;]<\/p>\n","protected":false},"author":1,"featured_media":0,"parent":0,"menu_order":0,"comment_status":"closed","ping_status":"closed","template":"","meta":{"inline_featured_image":false,"footnotes":""},"class_list":["post-419","page","type-page","status-publish","hentry"],"_links":{"self":[{"href":"https:\/\/aplicaciones-a-medida.es\/en\/wp-json\/wp\/v2\/pages\/419","targetHints":{"allow":["GET"]}}],"collection":[{"href":"https:\/\/aplicaciones-a-medida.es\/en\/wp-json\/wp\/v2\/pages"}],"about":[{"href":"https:\/\/aplicaciones-a-medida.es\/en\/wp-json\/wp\/v2\/types\/page"}],"author":[{"embeddable":true,"href":"https:\/\/aplicaciones-a-medida.es\/en\/wp-json\/wp\/v2\/users\/1"}],"replies":[{"embeddable":true,"href":"https:\/\/aplicaciones-a-medida.es\/en\/wp-json\/wp\/v2\/comments?post=419"}],"version-history":[{"count":8,"href":"https:\/\/aplicaciones-a-medida.es\/en\/wp-json\/wp\/v2\/pages\/419\/revisions"}],"predecessor-version":[{"id":527,"href":"https:\/\/aplicaciones-a-medida.es\/en\/wp-json\/wp\/v2\/pages\/419\/revisions\/527"}],"wp:attachment":[{"href":"https:\/\/aplicaciones-a-medida.es\/en\/wp-json\/wp\/v2\/media?parent=419"}],"curies":[{"name":"wp","href":"https:\/\/api.w.org\/{rel}","templated":true}]}}