{"id":36,"date":"2025-01-12T16:04:23","date_gmt":"2025-01-12T16:04:23","guid":{"rendered":"https:\/\/aplicaciones-a-medida.es\/?page_id=36"},"modified":"2025-06-02T15:49:47","modified_gmt":"2025-06-02T15:49:47","slug":"mantenimiento-y-soporte-tecnico","status":"publish","type":"page","link":"https:\/\/aplicaciones-a-medida.es\/en\/mantenimiento-y-soporte-tecnico\/","title":{"rendered":"Maintenance and Technical Support"},"content":{"rendered":"<div data-elementor-type=\"wp-page\" data-elementor-id=\"36\" class=\"elementor elementor-36\" data-elementor-post-type=\"page\">\n\t\t\t\t<div class=\"elementor-element elementor-element-7e6688f8 e-flex e-con-boxed e-con e-parent\" data-id=\"7e6688f8\" data-element_type=\"container\" data-e-type=\"container\">\n\t\t\t\t\t<div class=\"e-con-inner\">\n\t\t\t\t<div class=\"elementor-element elementor-element-4ea9ce44 elementor-widget elementor-widget-heading\" data-id=\"4ea9ce44\" data-element_type=\"widget\" data-e-type=\"widget\" data-widget_type=\"heading.default\">\n\t\t\t\t<div class=\"elementor-widget-container\">\n\t\t\t\t\t<h1 class=\"elementor-heading-title elementor-size-default\">Mantenimiento y soporte t\u00e9cnico<\/h1>\t\t\t\t<\/div>\n\t\t\t\t<\/div>\n\t\t\t\t<div class=\"elementor-element elementor-element-770d623 elementor-invisible elementor-widget elementor-widget-image\" data-id=\"770d623\" data-element_type=\"widget\" data-e-type=\"widget\" data-settings=\"{&quot;_animation&quot;:&quot;zoomIn&quot;}\" data-widget_type=\"image.default\">\n\t\t\t\t<div class=\"elementor-widget-container\">\n\t\t\t\t\t\t\t\t\t\t\t\t\t\t\t<img fetchpriority=\"high\" decoding=\"async\" width=\"800\" height=\"800\" src=\"https:\/\/aplicaciones-a-medida.es\/wp-content\/uploads\/2025\/02\/system-settings-svgrepo-com.svg\" class=\"attachment-large size-large wp-image-373\" alt=\"\" \/>\t\t\t\t\t\t\t\t\t\t\t\t\t\t\t<\/div>\n\t\t\t\t<\/div>\n\t\t\t\t\t<\/div>\n\t\t\t\t<\/div>\n\t\t<div class=\"elementor-element elementor-element-25ea8dd5 e-flex e-con-boxed e-con e-parent\" data-id=\"25ea8dd5\" data-element_type=\"container\" data-e-type=\"container\">\n\t\t\t\t\t<div class=\"e-con-inner\">\n\t\t\t\t<div class=\"elementor-element elementor-element-78266a4d elementor-widget elementor-widget-heading\" data-id=\"78266a4d\" data-element_type=\"widget\" data-e-type=\"widget\" data-widget_type=\"heading.default\">\n\t\t\t\t<div class=\"elementor-widget-container\">\n\t\t\t\t\t<div class=\"elementor-heading-title elementor-size-default\"><p class=\"translation-block\"><strong>A technical failure can cost you clients and money.<\/strong>\nIf your system crashes, your website stops working, or your tools fail at the worst possible time, you need a fast solution.\n<strong>Waiting is not an option \u2014 and your competitors know it.<\/strong><\/p>\n\n<p class=\"translation-block\"><strong>We make sure everything runs without interruptions.<\/strong>\nWe offer preventive maintenance, technical support, and fast solutions so your business never has to stop.\nHaving server issues? We\u2019ll fix it.\nIs your website slow or full of errors? We\u2019ll optimize it.\nNeed tech support anytime? We\u2019re ready to help.<\/p>\n\n<p class=\"translation-block\">We take care of everything: monitoring, updates, security, and support, so you can focus on growing your business without worrying about technical issues.<\/p>\n\n<p><strong>Deja los problemas en nuestras manos y aseg\u00farate de que todo funcione siempre.<\/strong><br> \u00bfHablamos?<\/p>\n<\/div>\t\t\t\t<\/div>\n\t\t\t\t<\/div>\n\t\t\t\t\t<\/div>\n\t\t\t\t<\/div>\n\t\t<div class=\"elementor-element elementor-element-36692c73 e-flex e-con-boxed e-con e-parent\" data-id=\"36692c73\" data-element_type=\"container\" data-e-type=\"container\">\n\t\t\t\t\t<div class=\"e-con-inner\">\n\t\t\t\t<div class=\"elementor-element elementor-element-5cbb89b5 elementor-align-center elementor-widget elementor-widget-button\" data-id=\"5cbb89b5\" data-element_type=\"widget\" data-e-type=\"widget\" data-widget_type=\"button.default\">\n\t\t\t\t<div class=\"elementor-widget-container\">\n\t\t\t\t\t\t\t\t\t<div class=\"elementor-button-wrapper\">\n\t\t\t\t\t<a class=\"elementor-button elementor-button-link elementor-size-sm\" href=\"mailto:info@aplicaciones-a-medida.es\">\n\t\t\t\t\t\t<span class=\"elementor-button-content-wrapper\">\n\t\t\t\t\t\t\t\t\t<span class=\"elementor-button-text\">\ud83d\ude80 Schedule a Meeting<\/span>\n\t\t\t\t\t<\/span>\n\t\t\t\t\t<\/a>\n\t\t\t\t<\/div>\n\t\t\t\t\t\t\t\t<\/div>\n\t\t\t\t<\/div>\n\t\t\t\t\t<\/div>\n\t\t\t\t<\/div>\n\t\t\t\t<\/div>","protected":false},"excerpt":{"rendered":"<p>Mantenimiento y soporte t\u00e9cnico Un fallo t\u00e9cnico puede costarte clientes y dinero. Si tu sistema se cae, si tu web deja de funcionar o si tus equipos fallan en el peor momento, necesitas una soluci\u00f3n r\u00e1pida. Esperar no es una opci\u00f3n, y tu competencia lo sabe. Nosotros nos encargamos de que todo funcione sin interrupciones. [&hellip;]<\/p>\n","protected":false},"author":1,"featured_media":0,"parent":0,"menu_order":0,"comment_status":"closed","ping_status":"closed","template":"","meta":{"inline_featured_image":false,"footnotes":""},"class_list":["post-36","page","type-page","status-publish","hentry"],"_links":{"self":[{"href":"https:\/\/aplicaciones-a-medida.es\/en\/wp-json\/wp\/v2\/pages\/36","targetHints":{"allow":["GET"]}}],"collection":[{"href":"https:\/\/aplicaciones-a-medida.es\/en\/wp-json\/wp\/v2\/pages"}],"about":[{"href":"https:\/\/aplicaciones-a-medida.es\/en\/wp-json\/wp\/v2\/types\/page"}],"author":[{"embeddable":true,"href":"https:\/\/aplicaciones-a-medida.es\/en\/wp-json\/wp\/v2\/users\/1"}],"replies":[{"embeddable":true,"href":"https:\/\/aplicaciones-a-medida.es\/en\/wp-json\/wp\/v2\/comments?post=36"}],"version-history":[{"count":13,"href":"https:\/\/aplicaciones-a-medida.es\/en\/wp-json\/wp\/v2\/pages\/36\/revisions"}],"predecessor-version":[{"id":545,"href":"https:\/\/aplicaciones-a-medida.es\/en\/wp-json\/wp\/v2\/pages\/36\/revisions\/545"}],"wp:attachment":[{"href":"https:\/\/aplicaciones-a-medida.es\/en\/wp-json\/wp\/v2\/media?parent=36"}],"curies":[{"name":"wp","href":"https:\/\/api.w.org\/{rel}","templated":true}]}}