{"id":34,"date":"2025-01-12T16:04:13","date_gmt":"2025-01-12T16:04:13","guid":{"rendered":"https:\/\/aplicaciones-a-medida.es\/?page_id=34"},"modified":"2025-06-02T15:48:35","modified_gmt":"2025-06-02T15:48:35","slug":"automatizacion-de-procesos","status":"publish","type":"page","link":"https:\/\/aplicaciones-a-medida.es\/en\/automatizacion-de-procesos\/","title":{"rendered":"Process Automation"},"content":{"rendered":"<div data-elementor-type=\"wp-page\" data-elementor-id=\"34\" class=\"elementor elementor-34\" data-elementor-post-type=\"page\">\n\t\t\t\t<div class=\"elementor-element elementor-element-7bd89ac1 e-flex e-con-boxed e-con e-parent\" data-id=\"7bd89ac1\" data-element_type=\"container\" data-e-type=\"container\">\n\t\t\t\t\t<div class=\"e-con-inner\">\n\t\t\t\t<div class=\"elementor-element elementor-element-1acba4e3 elementor-widget elementor-widget-heading\" data-id=\"1acba4e3\" data-element_type=\"widget\" data-e-type=\"widget\" data-widget_type=\"heading.default\">\n\t\t\t\t<div class=\"elementor-widget-container\">\n\t\t\t\t\t<h1 class=\"elementor-heading-title elementor-size-default\">Process Automation<\/h1>\t\t\t\t<\/div>\n\t\t\t\t<\/div>\n\t\t\t\t<div class=\"elementor-element elementor-element-7a27817 elementor-invisible elementor-widget elementor-widget-image\" data-id=\"7a27817\" data-element_type=\"widget\" data-e-type=\"widget\" data-settings=\"{&quot;_animation&quot;:&quot;zoomIn&quot;}\" data-widget_type=\"image.default\">\n\t\t\t\t<div class=\"elementor-widget-container\">\n\t\t\t\t\t\t\t\t\t\t\t\t\t\t\t<img fetchpriority=\"high\" decoding=\"async\" width=\"800\" height=\"800\" src=\"https:\/\/aplicaciones-a-medida.es\/wp-content\/uploads\/2025\/02\/all-covered-svgrepo-com.svg\" class=\"attachment-large size-large wp-image-372\" alt=\"\" \/>\t\t\t\t\t\t\t\t\t\t\t\t\t\t\t<\/div>\n\t\t\t\t<\/div>\n\t\t\t\t\t<\/div>\n\t\t\t\t<\/div>\n\t\t<div class=\"elementor-element elementor-element-32fa99e3 e-flex e-con-boxed e-con e-parent\" data-id=\"32fa99e3\" data-element_type=\"container\" data-e-type=\"container\">\n\t\t\t\t\t<div class=\"e-con-inner\">\n\t\t\t\t<div class=\"elementor-element elementor-element-664085da elementor-widget elementor-widget-heading\" data-id=\"664085da\" data-element_type=\"widget\" data-e-type=\"widget\" data-widget_type=\"heading.default\">\n\t\t\t\t<div class=\"elementor-widget-container\">\n\t\t\t\t\t<div class=\"elementor-heading-title elementor-size-default\"><p class=\"translation-block\"><strong>AI automation is not the future \u2014 it's the present.<\/strong>\nIf your company is still performing repetitive tasks manually, you're wasting time, money, and efficiency.\n<strong>While you're hesitating, your competitors are already optimizing their processes and moving ahead faster.<\/strong><\/p>\n\n<p class=\"translation-block\"><strong>We help you make the leap.<\/strong>\nWe design AI-powered automation systems that reduce errors, increase speed, and free up your team to focus on what truly matters.\nNeed to process data faster? We make it happen.\nWant to improve customer service without overwhelming your team? We\u2019ve got it covered.\nHave a repetitive task that eats up hours every day? We turn it into an automated process.<\/p>\n\n<p class=\"translation-block\">We take care of everything: analysis, development, implementation, and optimization, so your system runs smoothly and helps you stay competitive.<\/p>\n\n<p class=\"translation-block\"><strong>Let AI handle the heavy lifting and take your business to the next level.<\/strong><br> Shall we talk?<\/p>\n<\/div>\t\t\t\t<\/div>\n\t\t\t\t<\/div>\n\t\t\t\t\t<\/div>\n\t\t\t\t<\/div>\n\t\t<div class=\"elementor-element elementor-element-53599f69 e-flex e-con-boxed e-con e-parent\" data-id=\"53599f69\" data-element_type=\"container\" data-e-type=\"container\">\n\t\t\t\t\t<div class=\"e-con-inner\">\n\t\t\t\t<div class=\"elementor-element elementor-element-369bd121 elementor-align-center elementor-widget elementor-widget-button\" data-id=\"369bd121\" data-element_type=\"widget\" data-e-type=\"widget\" data-widget_type=\"button.default\">\n\t\t\t\t<div class=\"elementor-widget-container\">\n\t\t\t\t\t\t\t\t\t<div class=\"elementor-button-wrapper\">\n\t\t\t\t\t<a class=\"elementor-button elementor-button-link elementor-size-sm\" href=\"mailto:info@aplicaciones-a-medida.es\">\n\t\t\t\t\t\t<span class=\"elementor-button-content-wrapper\">\n\t\t\t\t\t\t\t\t\t<span class=\"elementor-button-text\">\ud83d\ude80 Schedule a Meeting<\/span>\n\t\t\t\t\t<\/span>\n\t\t\t\t\t<\/a>\n\t\t\t\t<\/div>\n\t\t\t\t\t\t\t\t<\/div>\n\t\t\t\t<\/div>\n\t\t\t\t\t<\/div>\n\t\t\t\t<\/div>\n\t\t\t\t<\/div>","protected":false},"excerpt":{"rendered":"<p>Automatizaci\u00f3n de procesos La automatizaci\u00f3n con IA no es el futuro, es el presente. Si tu empresa sigue haciendo tareas repetitivas manualmente, est\u00e1s perdiendo tiempo, dinero y eficiencia. Mientras t\u00fa te demoras, tu competencia ya est\u00e1 optimizando sus procesos y avanzando m\u00e1s r\u00e1pido. Nosotros te ayudamos a dar el salto. Dise\u00f1amos sistemas de automatizaci\u00f3n con [&hellip;]<\/p>\n","protected":false},"author":1,"featured_media":0,"parent":0,"menu_order":0,"comment_status":"closed","ping_status":"closed","template":"","meta":{"inline_featured_image":false,"footnotes":""},"class_list":["post-34","page","type-page","status-publish","hentry"],"_links":{"self":[{"href":"https:\/\/aplicaciones-a-medida.es\/en\/wp-json\/wp\/v2\/pages\/34","targetHints":{"allow":["GET"]}}],"collection":[{"href":"https:\/\/aplicaciones-a-medida.es\/en\/wp-json\/wp\/v2\/pages"}],"about":[{"href":"https:\/\/aplicaciones-a-medida.es\/en\/wp-json\/wp\/v2\/types\/page"}],"author":[{"embeddable":true,"href":"https:\/\/aplicaciones-a-medida.es\/en\/wp-json\/wp\/v2\/users\/1"}],"replies":[{"embeddable":true,"href":"https:\/\/aplicaciones-a-medida.es\/en\/wp-json\/wp\/v2\/comments?post=34"}],"version-history":[{"count":13,"href":"https:\/\/aplicaciones-a-medida.es\/en\/wp-json\/wp\/v2\/pages\/34\/revisions"}],"predecessor-version":[{"id":539,"href":"https:\/\/aplicaciones-a-medida.es\/en\/wp-json\/wp\/v2\/pages\/34\/revisions\/539"}],"wp:attachment":[{"href":"https:\/\/aplicaciones-a-medida.es\/en\/wp-json\/wp\/v2\/media?parent=34"}],"curies":[{"name":"wp","href":"https:\/\/api.w.org\/{rel}","templated":true}]}}