{"id":32,"date":"2025-01-12T16:04:07","date_gmt":"2025-01-12T16:04:07","guid":{"rendered":"https:\/\/aplicaciones-a-medida.es\/?page_id=32"},"modified":"2025-06-02T15:49:43","modified_gmt":"2025-06-02T15:49:43","slug":"desarrollo-de-plugins-y-extensiones","status":"publish","type":"page","link":"https:\/\/aplicaciones-a-medida.es\/en\/desarrollo-de-plugins-y-extensiones\/","title":{"rendered":"Plugin and Extension Development"},"content":{"rendered":"<div data-elementor-type=\"wp-page\" data-elementor-id=\"32\" class=\"elementor elementor-32\" data-elementor-post-type=\"page\">\n\t\t\t\t<div class=\"elementor-element elementor-element-1cbff1f7 e-flex e-con-boxed e-con e-parent\" data-id=\"1cbff1f7\" data-element_type=\"container\" data-e-type=\"container\">\n\t\t\t\t\t<div class=\"e-con-inner\">\n\t\t\t\t<div class=\"elementor-element elementor-element-5ab7245 elementor-widget elementor-widget-heading\" data-id=\"5ab7245\" data-element_type=\"widget\" data-e-type=\"widget\" data-widget_type=\"heading.default\">\n\t\t\t\t<div class=\"elementor-widget-container\">\n\t\t\t\t\t<h1 class=\"elementor-heading-title elementor-size-default\">Plugin and Extension Development<\/h1>\t\t\t\t<\/div>\n\t\t\t\t<\/div>\n\t\t\t\t<div class=\"elementor-element elementor-element-64b5fd1 elementor-invisible elementor-widget elementor-widget-image\" data-id=\"64b5fd1\" data-element_type=\"widget\" data-e-type=\"widget\" data-settings=\"{&quot;_animation&quot;:&quot;zoomIn&quot;}\" data-widget_type=\"image.default\">\n\t\t\t\t<div class=\"elementor-widget-container\">\n\t\t\t\t\t\t\t\t\t\t\t\t\t\t\t<img fetchpriority=\"high\" decoding=\"async\" width=\"800\" height=\"800\" src=\"https:\/\/aplicaciones-a-medida.es\/wp-content\/uploads\/2025\/02\/cloud-backup-svgrepo-com.svg\" class=\"attachment-large size-large wp-image-371\" alt=\"\" \/>\t\t\t\t\t\t\t\t\t\t\t\t\t\t\t<\/div>\n\t\t\t\t<\/div>\n\t\t\t\t\t<\/div>\n\t\t\t\t<\/div>\n\t\t<div class=\"elementor-element elementor-element-227f770c e-flex e-con-boxed e-con e-parent\" data-id=\"227f770c\" data-element_type=\"container\" data-e-type=\"container\">\n\t\t\t\t\t<div class=\"e-con-inner\">\n\t\t\t\t<div class=\"elementor-element elementor-element-76af8707 elementor-widget elementor-widget-heading\" data-id=\"76af8707\" data-element_type=\"widget\" data-e-type=\"widget\" data-widget_type=\"heading.default\">\n\t\t\t\t<div class=\"elementor-widget-container\">\n\t\t\t\t\t<div class=\"elementor-heading-title elementor-size-default\"><p class=\"translation-block\"><strong>A well-built plugin or extension can make all the difference.<\/strong>\nIf you need custom functionality on your website or browser, don\u2019t rely on generic solutions.\n<strong>Your competitors are already optimizing their tools \u2014 why not you?<\/strong><\/p>\n\n<p class=\"translation-block\"><strong>We create plugins and extensions tailored to what you truly need.<\/strong>\nFrom custom WordPress plugins to Chrome extensions that automate tasks and enhance user experience.\nWant to add advanced features to your website? We make it happen.\nNeed an extension to speed up your workflow? We develop it for you.\nCan\u2019t find the perfect solution on the market? We\u2019ll build it for you.<\/p>\n\n<p class=\"translation-block\">We take care of everything: analysis, development, optimization, and maintenance, so you have a functional, secure, and error-free tool.<\/p>\n\n<p class=\"translation-block\"><strong>Take your website and productivity to the next level with custom development.<\/strong><br> Shall we talk?<\/p>\n<\/div>\t\t\t\t<\/div>\n\t\t\t\t<\/div>\n\t\t\t\t\t<\/div>\n\t\t\t\t<\/div>\n\t\t<div class=\"elementor-element elementor-element-7056f9a6 e-flex e-con-boxed e-con e-parent\" data-id=\"7056f9a6\" data-element_type=\"container\" data-e-type=\"container\">\n\t\t\t\t\t<div class=\"e-con-inner\">\n\t\t\t\t<div class=\"elementor-element elementor-element-3559e51c elementor-align-center elementor-widget elementor-widget-button\" data-id=\"3559e51c\" data-element_type=\"widget\" data-e-type=\"widget\" data-widget_type=\"button.default\">\n\t\t\t\t<div class=\"elementor-widget-container\">\n\t\t\t\t\t\t\t\t\t<div class=\"elementor-button-wrapper\">\n\t\t\t\t\t<a class=\"elementor-button elementor-button-link elementor-size-sm\" href=\"mailto:info@aplicaciones-a-medida.es\">\n\t\t\t\t\t\t<span class=\"elementor-button-content-wrapper\">\n\t\t\t\t\t\t\t\t\t<span class=\"elementor-button-text\">\ud83d\ude80 Schedule a Meeting<\/span>\n\t\t\t\t\t<\/span>\n\t\t\t\t\t<\/a>\n\t\t\t\t<\/div>\n\t\t\t\t\t\t\t\t<\/div>\n\t\t\t\t<\/div>\n\t\t\t\t\t<\/div>\n\t\t\t\t<\/div>\n\t\t\t\t<\/div>","protected":false},"excerpt":{"rendered":"<p>Desarrollo de Plugins y Extensiones Un plugin o una extensi\u00f3n bien hecha puede marcar la diferencia. Si necesitas funcionalidades a medida en tu web o en tu navegador, no dependas de soluciones gen\u00e9ricas. Tu competencia ya est\u00e1 optimizando sus herramientas, \u00bfpor qu\u00e9 no hacerlo t\u00fa tambi\u00e9n? Nosotros creamos plugins y extensiones adaptadas a lo que [&hellip;]<\/p>\n","protected":false},"author":1,"featured_media":0,"parent":0,"menu_order":0,"comment_status":"closed","ping_status":"closed","template":"","meta":{"inline_featured_image":false,"footnotes":""},"class_list":["post-32","page","type-page","status-publish","hentry"],"_links":{"self":[{"href":"https:\/\/aplicaciones-a-medida.es\/en\/wp-json\/wp\/v2\/pages\/32","targetHints":{"allow":["GET"]}}],"collection":[{"href":"https:\/\/aplicaciones-a-medida.es\/en\/wp-json\/wp\/v2\/pages"}],"about":[{"href":"https:\/\/aplicaciones-a-medida.es\/en\/wp-json\/wp\/v2\/types\/page"}],"author":[{"embeddable":true,"href":"https:\/\/aplicaciones-a-medida.es\/en\/wp-json\/wp\/v2\/users\/1"}],"replies":[{"embeddable":true,"href":"https:\/\/aplicaciones-a-medida.es\/en\/wp-json\/wp\/v2\/comments?post=32"}],"version-history":[{"count":10,"href":"https:\/\/aplicaciones-a-medida.es\/en\/wp-json\/wp\/v2\/pages\/32\/revisions"}],"predecessor-version":[{"id":542,"href":"https:\/\/aplicaciones-a-medida.es\/en\/wp-json\/wp\/v2\/pages\/32\/revisions\/542"}],"wp:attachment":[{"href":"https:\/\/aplicaciones-a-medida.es\/en\/wp-json\/wp\/v2\/media?parent=32"}],"curies":[{"name":"wp","href":"https:\/\/api.w.org\/{rel}","templated":true}]}}