{"id":28,"date":"2025-01-12T16:03:37","date_gmt":"2025-01-12T16:03:37","guid":{"rendered":"https:\/\/aplicaciones-a-medida.es\/?page_id=28"},"modified":"2025-06-02T15:46:10","modified_gmt":"2025-06-02T15:46:10","slug":"desarrollo-de-aplicaciones","status":"publish","type":"page","link":"https:\/\/aplicaciones-a-medida.es\/en\/desarrollo-de-aplicaciones\/","title":{"rendered":"Application Development"},"content":{"rendered":"<div data-elementor-type=\"wp-page\" data-elementor-id=\"28\" class=\"elementor elementor-28\" data-elementor-post-type=\"page\">\n\t\t\t\t<div class=\"elementor-element elementor-element-227aa6e e-flex e-con-boxed e-con e-parent\" data-id=\"227aa6e\" data-element_type=\"container\" data-e-type=\"container\">\n\t\t\t\t\t<div class=\"e-con-inner\">\n\t\t\t\t<div class=\"elementor-element elementor-element-11d502f elementor-widget elementor-widget-heading\" data-id=\"11d502f\" data-element_type=\"widget\" data-e-type=\"widget\" data-widget_type=\"heading.default\">\n\t\t\t\t<div class=\"elementor-widget-container\">\n\t\t\t\t\t<h1 class=\"elementor-heading-title elementor-size-default\">Application Development<\/h1>\t\t\t\t<\/div>\n\t\t\t\t<\/div>\n\t\t\t\t<div class=\"elementor-element elementor-element-6307e5c elementor-invisible elementor-widget elementor-widget-image\" data-id=\"6307e5c\" data-element_type=\"widget\" data-e-type=\"widget\" data-settings=\"{&quot;_animation&quot;:&quot;zoomIn&quot;}\" data-widget_type=\"image.default\">\n\t\t\t\t<div class=\"elementor-widget-container\">\n\t\t\t\t\t\t\t\t\t\t\t\t\t\t\t<img fetchpriority=\"high\" decoding=\"async\" width=\"800\" height=\"800\" src=\"https:\/\/aplicaciones-a-medida.es\/wp-content\/uploads\/2025\/02\/mobile-app-svgrepo-com.svg\" class=\"attachment-large size-large wp-image-375\" alt=\"\" \/>\t\t\t\t\t\t\t\t\t\t\t\t\t\t\t<\/div>\n\t\t\t\t<\/div>\n\t\t\t\t\t<\/div>\n\t\t\t\t<\/div>\n\t\t<div class=\"elementor-element elementor-element-132a7a6 e-flex e-con-boxed e-con e-parent\" data-id=\"132a7a6\" data-element_type=\"container\" data-e-type=\"container\">\n\t\t\t\t\t<div class=\"e-con-inner\">\n\t\t\t\t<div class=\"elementor-element elementor-element-746b734 elementor-widget elementor-widget-heading\" data-id=\"746b734\" data-element_type=\"widget\" data-e-type=\"widget\" data-widget_type=\"heading.default\">\n\t\t\t\t<div class=\"elementor-widget-container\">\n\t\t\t\t\t<div class=\"elementor-heading-title elementor-size-default\"><h2>Cross-Platform Apps: Your Idea, Everywhere<\/h2>\n\n<p class=\"translation-block\"><strong>Nowadays, if your business isn\u2019t in an app, it\u2019s almost like it doesn\u2019t exist.<\/strong> Well, maybe that\u2019s a bit dramatic\u2026 but it\u2019s true that an app can take your idea further and reach more people. And that\u2019s where we come in<\/p>\n\n<p class=\"translation-block\"><strong>We develop cross-platform applications<\/strong> that work on <strong>Android, iOS, and the web<\/strong>, so no one is left out. Got a great idea but don\u2019t know where to start? <strong>We\u2019ll help you shape it.<\/strong> Does your business need an app to improve the customer experience? <strong>We\u2019ll make it happen.<\/strong> Want to revolutionize the world with the next big app? Well, we can\u2019t promise you\u2019ll be a millionaire overnight, but we can promise a well-built, fast app that\u2019s ready to grow with you.<\/p>\n\n<p class=\"translation-block\">We take care of everything: <strong>design, development, optimization<\/strong>, and even making sure it doesn\u2019t crash when you need it most. Because the last thing you want is your app failing right when your customer is about to make a purchase.<\/p>\n\n<p class=\"translation-block\"><strong>If you want to put your idea in everyone\u2019s pocket, we\u2019d love to make it happen.<\/strong><br> Shall we talk?<\/div>\t\t\t\t<\/div>\n\t\t\t\t<\/div>\n\t\t\t\t\t<\/div>\n\t\t\t\t<\/div>\n\t\t<div class=\"elementor-element elementor-element-1cb7eca e-flex e-con-boxed e-con e-parent\" data-id=\"1cb7eca\" data-element_type=\"container\" data-e-type=\"container\">\n\t\t\t\t\t<div class=\"e-con-inner\">\n\t\t\t\t<div class=\"elementor-element elementor-element-3298ec5 elementor-align-center elementor-widget elementor-widget-button\" data-id=\"3298ec5\" data-element_type=\"widget\" data-e-type=\"widget\" data-widget_type=\"button.default\">\n\t\t\t\t<div class=\"elementor-widget-container\">\n\t\t\t\t\t\t\t\t\t<div class=\"elementor-button-wrapper\">\n\t\t\t\t\t<a class=\"elementor-button elementor-button-link elementor-size-sm\" href=\"mailto:info@aplicaciones-a-medida.es\" target=\"_blank\">\n\t\t\t\t\t\t<span class=\"elementor-button-content-wrapper\">\n\t\t\t\t\t\t\t\t\t<span class=\"elementor-button-text\">\ud83d\ude80 Schedule a Meeting<\/span>\n\t\t\t\t\t<\/span>\n\t\t\t\t\t<\/a>\n\t\t\t\t<\/div>\n\t\t\t\t\t\t\t\t<\/div>\n\t\t\t\t<\/div>\n\t\t\t\t\t<\/div>\n\t\t\t\t<\/div>\n\t\t\t\t<\/div>","protected":false},"excerpt":{"rendered":"<p>Desarrollo de Aplicaciones Aplicaciones Multiplataforma: Tu Idea, en Todos Lados Hoy en d\u00eda, si tu negocio no est\u00e1 en una app, es casi como si no existiera. Bueno, tal vez no tan dram\u00e1tico\u2026 pero s\u00ed es verdad que una aplicaci\u00f3n puede hacer que tu idea llegue m\u00e1s lejos y a m\u00e1s personas. Y ah\u00ed es [&hellip;]<\/p>\n","protected":false},"author":1,"featured_media":0,"parent":0,"menu_order":0,"comment_status":"closed","ping_status":"closed","template":"","meta":{"inline_featured_image":false,"footnotes":""},"class_list":["post-28","page","type-page","status-publish","hentry"],"_links":{"self":[{"href":"https:\/\/aplicaciones-a-medida.es\/en\/wp-json\/wp\/v2\/pages\/28","targetHints":{"allow":["GET"]}}],"collection":[{"href":"https:\/\/aplicaciones-a-medida.es\/en\/wp-json\/wp\/v2\/pages"}],"about":[{"href":"https:\/\/aplicaciones-a-medida.es\/en\/wp-json\/wp\/v2\/types\/page"}],"author":[{"embeddable":true,"href":"https:\/\/aplicaciones-a-medida.es\/en\/wp-json\/wp\/v2\/users\/1"}],"replies":[{"embeddable":true,"href":"https:\/\/aplicaciones-a-medida.es\/en\/wp-json\/wp\/v2\/comments?post=28"}],"version-history":[{"count":19,"href":"https:\/\/aplicaciones-a-medida.es\/en\/wp-json\/wp\/v2\/pages\/28\/revisions"}],"predecessor-version":[{"id":530,"href":"https:\/\/aplicaciones-a-medida.es\/en\/wp-json\/wp\/v2\/pages\/28\/revisions\/530"}],"wp:attachment":[{"href":"https:\/\/aplicaciones-a-medida.es\/en\/wp-json\/wp\/v2\/media?parent=28"}],"curies":[{"name":"wp","href":"https:\/\/api.w.org\/{rel}","templated":true}]}}